{"id":59,"date":"2022-03-12T16:18:32","date_gmt":"2022-03-12T15:18:32","guid":{"rendered":"https:\/\/magueylard.com\/?page_id=59"},"modified":"2022-03-17T18:53:31","modified_gmt":"2022-03-17T17:53:31","slug":"a-propos","status":"publish","type":"page","link":"https:\/\/magueylard.com\/index.php\/a-propos\/","title":{"rendered":"A propos"},"content":{"rendered":"\n<div class=\"wp-block-columns is-layout-flex wp-container-core-columns-is-layout-9d6595d7 wp-block-columns-is-layout-flex\">\n<div class=\"wp-block-column is-layout-flow wp-block-column-is-layout-flow\">\n<figure class=\"wp-block-image size-full\"><img loading=\"lazy\" decoding=\"async\" width=\"1796\" height=\"1425\" src=\"https:\/\/magueylard.com\/wp-content\/uploads\/2022\/03\/toonme.jpg\" alt=\"\" class=\"wp-image-32\"\/><\/figure>\n<\/div>\n\n\n\n<div class=\"wp-block-column is-layout-flow wp-block-column-is-layout-flow\">\n<p>Je suis Marie-Audrey Gueylard, Software designer \u00e0 temps partiel, maman de 2 adorables petites filles  et accessoirement illustratrice \u00e0 mes heures perdues. Je dessine depuis toujours, des personnages principalement et ma famille plus particuli\u00e8rement. Depuis 2021 je me suis lanc\u00e9e en tant qu&rsquo;illustratrice, j&rsquo;ai r\u00e9alis\u00e9 plusieurs portraits de famille, logos, illustrations jeunesse.<\/p>\n\n\n\n<p>Pour une demande d&rsquo;illustration ou tout autre demande, n&rsquo;h\u00e9sitez pas \u00e0 me contacter via le formulaire de <a href=\"https:\/\/magueylard.com\/index.php\/contact\/\" data-type=\"page\" data-id=\"90\">contact<\/a><\/p>\n<\/div>\n<\/div>\n","protected":false},"excerpt":{"rendered":"<p>Je suis Marie-Audrey Gueylard, Software designer \u00e0 temps partiel, maman de 2 adorables petites filles et accessoirement illustratrice \u00e0 mes heures perdues. Je dessine depuis toujours, des personnages principalement et ma famille plus particuli\u00e8rement. Depuis 2021 je me suis lanc\u00e9e &hellip;<\/p>\n<p class=\"read-more\"> <a class=\"more-link\" href=\"https:\/\/magueylard.com\/index.php\/a-propos\/\"> <span class=\"screen-reader-text\">A propos<\/span> Read More &raquo;<\/a><\/p>\n","protected":false},"author":1,"featured_media":0,"parent":0,"menu_order":0,"comment_status":"closed","ping_status":"closed","template":"full-width-page.php","meta":{"_monsterinsights_skip_tracking":false,"_monsterinsights_sitenote_active":false,"_monsterinsights_sitenote_note":"","_monsterinsights_sitenote_category":0,"_vp_format_video_url":"","_vp_image_focal_point":[],"footnotes":""},"class_list":["post-59","page","type-page","status-publish","hentry"],"aioseo_notices":[],"_links":{"self":[{"href":"https:\/\/magueylard.com\/index.php\/wp-json\/wp\/v2\/pages\/59","targetHints":{"allow":["GET"]}}],"collection":[{"href":"https:\/\/magueylard.com\/index.php\/wp-json\/wp\/v2\/pages"}],"about":[{"href":"https:\/\/magueylard.com\/index.php\/wp-json\/wp\/v2\/types\/page"}],"author":[{"embeddable":true,"href":"https:\/\/magueylard.com\/index.php\/wp-json\/wp\/v2\/users\/1"}],"replies":[{"embeddable":true,"href":"https:\/\/magueylard.com\/index.php\/wp-json\/wp\/v2\/comments?post=59"}],"version-history":[{"count":9,"href":"https:\/\/magueylard.com\/index.php\/wp-json\/wp\/v2\/pages\/59\/revisions"}],"predecessor-version":[{"id":119,"href":"https:\/\/magueylard.com\/index.php\/wp-json\/wp\/v2\/pages\/59\/revisions\/119"}],"wp:attachment":[{"href":"https:\/\/magueylard.com\/index.php\/wp-json\/wp\/v2\/media?parent=59"}],"curies":[{"name":"wp","href":"https:\/\/api.w.org\/{rel}","templated":true}]}}